{"id":77463,"date":"2023-12-15T09:39:43","date_gmt":"2023-12-15T09:39:43","guid":{"rendered":"https:\/\/longosahotel.com\/camera-dubla\/"},"modified":"2026-04-21T12:11:04","modified_gmt":"2026-04-21T09:11:04","slug":"camera-dubla","status":"publish","type":"page","link":"https:\/\/longosahotel.com\/ro\/cazare\/camera-dubla\/","title":{"rendered":"Camer\u0103 dubl\u0103 superioar\u0103"},"content":{"rendered":"\t\t<div data-elementor-type=\"wp-page\" data-elementor-id=\"77463\" class=\"elementor elementor-77463 elementor-75824\" data-elementor-post-type=\"page\">\n\t\t\t\t\t\t<section class=\"elementor-section elementor-top-section elementor-element elementor-element-4139d8b1 elementor-section-full_width elementor-section-height-default elementor-section-height-default\" data-id=\"4139d8b1\" data-element_type=\"section\">\n\t\t\t\t\t\t<div class=\"elementor-container elementor-column-gap-default\">\n\t\t\t\t\t<div class=\" elementor-column elementor-col-100 elementor-top-column elementor-element elementor-element-6c6768d9\" data-fullscreen-column-settings=\"{&quot;fullscreen&quot;:&quot;&quot;}\" data-id=\"6c6768d9\" data-element_type=\"column\" data-settings=\"{&quot;background_background&quot;:&quot;classic&quot;}\">\n\t\t\t<div class=\"elementor-widget-wrap elementor-element-populated\">\n\t\t\t\t\t<div class=\"elementor-background-overlay\"><\/div>\n\t\t\t\t\t\t<div class=\"elementor-element elementor-element-2b02b0fd elementor-widget elementor-widget-heading\" data-id=\"2b02b0fd\" data-element_type=\"widget\" data-widget_type=\"heading.default\">\n\t\t\t\t<div class=\"elementor-widget-container\">\n\t\t\t\t\t<h2 class=\"elementor-heading-title elementor-size-default\">Cazare<\/h2>\t\t\t\t<\/div>\n\t\t\t\t<\/div>\n\t\t\t\t\t<\/div>\n\t\t<\/div>\n\t\t\t\t\t<\/div>\n\t\t<\/section>\n\t\t\t\t<section class=\"elementor-section elementor-top-section elementor-element elementor-element-c7379d5 elementor-section-boxed elementor-section-height-default elementor-section-height-default\" data-id=\"c7379d5\" data-element_type=\"section\">\n\t\t\t\t\t\t<div class=\"elementor-container elementor-column-gap-default\">\n\t\t\t\t\t<div class=\" elementor-column elementor-col-100 elementor-top-column elementor-element elementor-element-fa72b83\" data-fullscreen-column-settings=\"{&quot;fullscreen&quot;:&quot;&quot;}\" data-id=\"fa72b83\" data-element_type=\"column\">\n\t\t\t<div class=\"elementor-widget-wrap elementor-element-populated\">\n\t\t\t\t\t\t<section class=\"elementor-section elementor-inner-section elementor-element elementor-element-8913cd6 elementor-section-boxed elementor-section-height-default elementor-section-height-default\" data-id=\"8913cd6\" data-element_type=\"section\">\n\t\t\t\t\t\t<div class=\"elementor-container elementor-column-gap-default\">\n\t\t\t\t\t<div class=\" elementor-column elementor-col-100 elementor-inner-column elementor-element elementor-element-36c2a28\" data-fullscreen-column-settings=\"{&quot;fullscreen&quot;:&quot;&quot;}\" data-id=\"36c2a28\" data-element_type=\"column\">\n\t\t\t<div class=\"elementor-widget-wrap elementor-element-populated\">\n\t\t\t\t\t\t<div class=\"elementor-element elementor-element-22813d3 elementor-widget elementor-widget-heading\" data-id=\"22813d3\" data-element_type=\"widget\" data-widget_type=\"heading.default\">\n\t\t\t\t<div class=\"elementor-widget-container\">\n\t\t\t\t\t<h2 class=\"elementor-heading-title elementor-size-default\">Rezerv\u0103<\/h2>\t\t\t\t<\/div>\n\t\t\t\t<\/div>\n\t\t\t\t\t<\/div>\n\t\t<\/div>\n\t\t\t\t\t<\/div>\n\t\t<\/section>\n\t\t\t\t<section class=\"elementor-section elementor-inner-section elementor-element elementor-element-a650f76 elementor-section-boxed elementor-section-height-default elementor-section-height-default\" data-id=\"a650f76\" data-element_type=\"section\">\n\t\t\t\t\t\t<div class=\"elementor-container elementor-column-gap-default\">\n\t\t\t\t\t<div class=\" elementor-column elementor-col-100 elementor-inner-column elementor-element elementor-element-e7c1bec\" data-fullscreen-column-settings=\"{&quot;fullscreen&quot;:&quot;&quot;}\" data-id=\"e7c1bec\" data-element_type=\"column\">\n\t\t\t<div class=\"elementor-widget-wrap elementor-element-populated\">\n\t\t\t\t\t\t<div class=\"elementor-element elementor-element-7eb11e7 elementor-widget elementor-widget-html\" data-id=\"7eb11e7\" data-element_type=\"widget\" data-widget_type=\"html.default\">\n\t\t\t\t<div class=\"elementor-widget-container\">\n\t\t\t\t\t<div id=\"quendoo-bcw\"><\/div>\r\n\r\n<script>\r\n\r\n                (function(w,e){\r\n\r\n                                let key = 'DNNYsJfRl8';\r\n\r\n                                let locale = 'en-GB';\r\n\r\n                                let currency = 'EUR';\r\n\r\n                                let uiSettings = {buttonText:'BOOK', colorTheme:'null'};\r\n\r\n                                if(!w.isLoadedQuendooBCW){\r\n\r\n                                                w.isLoadedQuendooBCW = true;\r\n\r\n                                                let s=w.document.createElement('script');s.type='text\/javascript';s.async=!0;\r\n\r\n                                                s.src='http'+(w.location.protocol=='http:'?'':'s')+':\/\/booking.quendoo.com\/fe-widgets\/booking-calendar\/widget.js?v=1&t='+Date.now();\r\n\r\n                                                s.onload = function(){\r\n\r\n                                                initQuendooBookingCalendarWidget(w,e,key,locale,currency,uiSettings);\r\n\r\n                                                };\r\n\r\n                                (w.document.getElementsByTagName('head')[0]||w.document.getElementsByTagName('body')[0]).appendChild(s);\r\n\r\n                                } else {\r\n\r\n                                                initQuendooBookingCalendarWidget(w,e,key,locale,currency,uiSettings);\r\n\r\n                                }\r\n\r\n                })(window,document.getElementById('quendoo-bcw'));\r\n\r\n<\/script>\t\t\t\t<\/div>\n\t\t\t\t<\/div>\n\t\t\t\t\t<\/div>\n\t\t<\/div>\n\t\t\t\t\t<\/div>\n\t\t<\/section>\n\t\t\t\t\t<\/div>\n\t\t<\/div>\n\t\t\t\t\t<\/div>\n\t\t<\/section>\n\t\t\t\t<section class=\"elementor-section elementor-top-section elementor-element elementor-element-cb75bf8 elementor-section-boxed elementor-section-height-default elementor-section-height-default\" data-id=\"cb75bf8\" data-element_type=\"section\">\n\t\t\t\t\t\t<div class=\"elementor-container elementor-column-gap-default\">\n\t\t\t\t\t<div class=\" elementor-column elementor-col-100 elementor-top-column elementor-element elementor-element-d5cc238\" data-fullscreen-column-settings=\"{&quot;fullscreen&quot;:&quot;&quot;}\" data-id=\"d5cc238\" data-element_type=\"column\">\n\t\t\t<div class=\"elementor-widget-wrap elementor-element-populated\">\n\t\t\t\t\t\t<div class=\"elementor-element elementor-element-ed3cb9f elementor-widget elementor-widget-heading\" data-id=\"ed3cb9f\" data-element_type=\"widget\" data-widget_type=\"heading.default\">\n\t\t\t\t<div class=\"elementor-widget-container\">\n\t\t\t\t\t<h2 class=\"elementor-heading-title elementor-size-default\">Camer\u0103 dubl\u0103 superioar\u0103<\/h2>\t\t\t\t<\/div>\n\t\t\t\t<\/div>\n\t\t\t\t<div class=\"elementor-element elementor-element-573bb90 elementor-skin-slideshow elementor-arrows-yes elementor-widget elementor-widget-media-carousel\" data-id=\"573bb90\" data-element_type=\"widget\" data-settings=\"{&quot;skin&quot;:&quot;slideshow&quot;,&quot;effect&quot;:&quot;slide&quot;,&quot;show_arrows&quot;:&quot;yes&quot;,&quot;speed&quot;:500,&quot;autoplay&quot;:&quot;yes&quot;,&quot;autoplay_speed&quot;:5000,&quot;loop&quot;:&quot;yes&quot;,&quot;pause_on_hover&quot;:&quot;yes&quot;,&quot;pause_on_interaction&quot;:&quot;yes&quot;,&quot;space_between&quot;:{&quot;unit&quot;:&quot;px&quot;,&quot;size&quot;:10,&quot;sizes&quot;:[]},&quot;space_between_tablet&quot;:{&quot;unit&quot;:&quot;px&quot;,&quot;size&quot;:10,&quot;sizes&quot;:[]},&quot;space_between_mobile&quot;:{&quot;unit&quot;:&quot;px&quot;,&quot;size&quot;:10,&quot;sizes&quot;:[]}}\" data-widget_type=\"media-carousel.default\">\n\t\t\t\t<div class=\"elementor-widget-container\">\n\t\t\t\t\t\t\t\t\t<div class=\"elementor-swiper\">\n\t\t\t\t\t<div class=\"elementor-main-swiper swiper\" role=\"region\" aria-roledescription=\"carousel\" aria-label=\"\u0421\u043b\u0430\u0439\u0434\u043e\u0432\u0435\">\n\t\t\t\t<div class=\"swiper-wrapper\">\n\t\t\t\t\t\t\t\t\t\t\t<div class=\"swiper-slide\" role=\"group\" aria-roledescription=\"slide\">\n\t\t\t\t\t\t\t\t\t<div class=\"elementor-carousel-image\" role=\"img\" aria-label=\"0401 (002)\" style=\"background-image: url(&#039;https:\/\/longosahotel.com\/wp-content\/uploads\/2026\/04\/0401-002-scaled.jpg&#039;)\">\n\n\t\t\t\n\t\t\t\t\t<\/div>\n\t\t\t\t\t\t\t\t<\/div>\n\t\t\t\t\t\t\t\t\t\t\t<div class=\"swiper-slide\" role=\"group\" aria-roledescription=\"slide\">\n\t\t\t\t\t\t\t\t\t<div class=\"elementor-carousel-image\" role=\"img\" aria-label=\"\u0421\u0442\u0430\u044f 2 (1)\" style=\"background-image: url(&#039;https:\/\/longosahotel.com\/wp-content\/uploads\/2026\/01\/\u0421\u0442\u0430\u044f-2-1-scaled.png&#039;)\">\n\n\t\t\t\n\t\t\t\t\t<\/div>\n\t\t\t\t\t\t\t\t<\/div>\n\t\t\t\t\t\t\t\t\t<\/div>\n\t\t\t\t\t\t\t\t\t\t\t\t\t\t\t<div class=\"elementor-swiper-button elementor-swiper-button-prev\" role=\"button\" tabindex=\"0\" aria-label=\"Previous\">\n\t\t\t\t\t\t\t<i aria-hidden=\"true\" class=\"eicon-chevron-left\"><\/i>\t\t\t\t\t\t<\/div>\n\t\t\t\t\t\t<div class=\"elementor-swiper-button elementor-swiper-button-next\" role=\"button\" tabindex=\"0\" aria-label=\"Next\">\n\t\t\t\t\t\t\t<i aria-hidden=\"true\" class=\"eicon-chevron-right\"><\/i>\t\t\t\t\t\t<\/div>\n\t\t\t\t\t\t\t\t\t\t\t\t\t\t\t\t\t<\/div>\n\t\t\t\t<\/div>\n\t\t\t\t\t\t\t\t<div class=\"elementor-swiper\">\n\t\t\t\t\t<div class=\"elementor-main-swiper swiper elementor-thumbnails-swiper swiper\" role=\"region region\" aria-roledescription=\"carousel carousel\" aria-label=\"\u0421\u043b\u0430\u0439\u0434\u043e\u0432\u0435 \u0421\u043b\u0430\u0439\u0434\u043e\u0432\u0435\">\n\t\t\t\t<div class=\"swiper-wrapper\">\n\t\t\t\t\t\t\t\t\t\t\t<div class=\"swiper-slide\" role=\"group\" aria-roledescription=\"slide\">\n\t\t\t\t\t\t\t\t\t<div class=\"elementor-carousel-image\" role=\"img\" aria-label=\"0401 (002)\" style=\"background-image: url(&#039;https:\/\/longosahotel.com\/wp-content\/uploads\/2026\/04\/0401-002-scaled.jpg&#039;)\">\n\n\t\t\t\n\t\t\t\t\t<\/div>\n\t\t\t\t\t\t\t\t<\/div>\n\t\t\t\t\t\t\t\t\t\t\t<div class=\"swiper-slide\" role=\"group\" aria-roledescription=\"slide\">\n\t\t\t\t\t\t\t\t\t<div class=\"elementor-carousel-image\" role=\"img\" aria-label=\"\u0421\u0442\u0430\u044f 2 (1)\" style=\"background-image: url(&#039;https:\/\/longosahotel.com\/wp-content\/uploads\/2026\/01\/\u0421\u0442\u0430\u044f-2-1-scaled.png&#039;)\">\n\n\t\t\t\n\t\t\t\t\t<\/div>\n\t\t\t\t\t\t\t\t<\/div>\n\t\t\t\t\t\t\t\t\t<\/div>\n\t\t\t\t\t\t\t\t\t\t\t\t\t\t\t\t\t\t\t\t\t<\/div>\n\t\t\t\t<\/div>\n\t\t\t\t\t\t\t\t<\/div>\n\t\t\t\t<\/div>\n\t\t\t\t\t<\/div>\n\t\t<\/div>\n\t\t\t\t\t<\/div>\n\t\t<\/section>\n\t\t\t\t<section class=\"elementor-section elementor-top-section elementor-element elementor-element-a135e5e elementor-section-boxed elementor-section-height-default elementor-section-height-default\" data-id=\"a135e5e\" data-element_type=\"section\">\n\t\t\t\t\t\t<div class=\"elementor-container elementor-column-gap-default\">\n\t\t\t\t\t<div class=\" elementor-column elementor-col-100 elementor-top-column elementor-element elementor-element-bede70b\" data-fullscreen-column-settings=\"{&quot;fullscreen&quot;:&quot;&quot;}\" data-id=\"bede70b\" data-element_type=\"column\">\n\t\t\t<div class=\"elementor-widget-wrap elementor-element-populated\">\n\t\t\t\t\t\t<div class=\"elementor-element elementor-element-afffb96 elementor-widget elementor-widget-heading\" data-id=\"afffb96\" data-element_type=\"widget\" data-widget_type=\"heading.default\">\n\t\t\t\t<div class=\"elementor-widget-container\">\n\t\t\t\t\t<h2 class=\"elementor-heading-title elementor-size-default\">Caracteristici:<\/h2>\t\t\t\t<\/div>\n\t\t\t\t<\/div>\n\t\t\t\t<div class=\"elementor-element elementor-element-2d26f27 elementor-icon-list--layout-inline elementor-align-center elementor-list-item-link-full_width elementor-widget elementor-widget-icon-list\" data-id=\"2d26f27\" data-element_type=\"widget\" data-widget_type=\"icon-list.default\">\n\t\t\t\t<div class=\"elementor-widget-container\">\n\t\t\t\t\t\t\t<ul class=\"elementor-icon-list-items elementor-inline-items\">\n\t\t\t\t\t\t\t<li class=\"elementor-icon-list-item elementor-inline-item\">\n\t\t\t\t\t\t\t\t\t\t\t<span class=\"elementor-icon-list-icon\">\n\t\t\t\t\t\t\t<i aria-hidden=\"true\" class=\"fas fa-wifi\"><\/i>\t\t\t\t\t\t<\/span>\n\t\t\t\t\t\t\t\t\t\t<span class=\"elementor-icon-list-text\">Wi-fi<\/span>\n\t\t\t\t\t\t\t\t\t<\/li>\n\t\t\t\t\t\t\t\t<li class=\"elementor-icon-list-item elementor-inline-item\">\n\t\t\t\t\t\t\t\t\t\t\t<span class=\"elementor-icon-list-icon\">\n\t\t\t\t\t\t\t<i aria-hidden=\"true\" class=\" icon-simple-line-screen-desktop\"><\/i>\t\t\t\t\t\t<\/span>\n\t\t\t\t\t\t\t\t\t\t<span class=\"elementor-icon-list-text\">TV<\/span>\n\t\t\t\t\t\t\t\t\t<\/li>\n\t\t\t\t\t\t\t\t<li class=\"elementor-icon-list-item elementor-inline-item\">\n\t\t\t\t\t\t\t\t\t\t\t<span class=\"elementor-icon-list-icon\">\n\t\t\t\t\t\t\t<i aria-hidden=\"true\" class=\"far fa-snowflake\"><\/i>\t\t\t\t\t\t<\/span>\n\t\t\t\t\t\t\t\t\t\t<span class=\"elementor-icon-list-text\">Aer condi\u021bionat central<\/span>\n\t\t\t\t\t\t\t\t\t<\/li>\n\t\t\t\t\t\t\t\t<li class=\"elementor-icon-list-item elementor-inline-item\">\n\t\t\t\t\t\t\t\t\t\t\t<span class=\"elementor-icon-list-icon\">\n\t\t\t\t\t\t\t<i aria-hidden=\"true\" class=\"fas fa-shower\"><\/i>\t\t\t\t\t\t<\/span>\n\t\t\t\t\t\t\t\t\t\t<span class=\"elementor-icon-list-text\">Baie cu toalet\u0103 \u0219i du\u0219<\/span>\n\t\t\t\t\t\t\t\t\t<\/li>\n\t\t\t\t\t\t\t\t<li class=\"elementor-icon-list-item elementor-inline-item\">\n\t\t\t\t\t\t\t\t\t\t\t<span class=\"elementor-icon-list-icon\">\n\t\t\t\t\t\t\t<i aria-hidden=\"true\" class=\"far fa-square\"><\/i>\t\t\t\t\t\t<\/span>\n\t\t\t\t\t\t\t\t\t\t<span class=\"elementor-icon-list-text\">Mini-frigider<\/span>\n\t\t\t\t\t\t\t\t\t<\/li>\n\t\t\t\t\t\t\t\t<li class=\"elementor-icon-list-item elementor-inline-item\">\n\t\t\t\t\t\t\t\t\t\t\t<span class=\"elementor-icon-list-icon\">\n\t\t\t\t\t\t\t<i aria-hidden=\"true\" class=\"fas fa-paw\"><\/i>\t\t\t\t\t\t<\/span>\n\t\t\t\t\t\t\t\t\t\t<span class=\"elementor-icon-list-text\">Animalele de companie sunt permise<\/span>\n\t\t\t\t\t\t\t\t\t<\/li>\n\t\t\t\t\t\t\t\t<li class=\"elementor-icon-list-item elementor-inline-item\">\n\t\t\t\t\t\t\t\t\t\t\t<span class=\"elementor-icon-list-icon\">\n\t\t\t\t\t\t\t<i aria-hidden=\"true\" class=\" solid-icon-Chair\"><\/i>\t\t\t\t\t\t<\/span>\n\t\t\t\t\t\t\t\t\t\t<span class=\"elementor-icon-list-text\">Fotoliu<\/span>\n\t\t\t\t\t\t\t\t\t<\/li>\n\t\t\t\t\t\t\t\t<li class=\"elementor-icon-list-item elementor-inline-item\">\n\t\t\t\t\t\t\t\t\t\t\t<span class=\"elementor-icon-list-icon\">\n\t\t\t\t\t\t\t<i aria-hidden=\"true\" class=\"fas fa-phone-volume\"><\/i>\t\t\t\t\t\t<\/span>\n\t\t\t\t\t\t\t\t\t\t<span class=\"elementor-icon-list-text\">Telefon<\/span>\n\t\t\t\t\t\t\t\t\t<\/li>\n\t\t\t\t\t\t\t\t<li class=\"elementor-icon-list-item elementor-inline-item\">\n\t\t\t\t\t\t\t\t\t\t\t<span class=\"elementor-icon-list-icon\">\n\t\t\t\t\t\t\t<svg xmlns=\"http:\/\/www.w3.org\/2000\/svg\" xmlns:xlink=\"http:\/\/www.w3.org\/1999\/xlink\" height=\"800px\" width=\"800px\" id=\"Capa_1\" viewBox=\"0 0 512 512\" xml:space=\"preserve\"><g>\t<path d=\"M472,280h-16H136.084c-0.016,0-0.032,0-0.048,0H56H40c-13.234,0-24,10.767-24,24c0,4.418,3.582,8,8,8s8-3.582,8-8  c0-4.411,3.589-8,8-8h6.556L27.983,407.443c-2.81,16.864,0.486,34.225,9.282,48.884L48,474.216V503c0,4.963,4.038,9,9,9h398  c4.962,0,9-4.037,9-9v-28.784l10.735-17.889c8.796-14.659,12.092-32.02,9.282-48.884L465.444,296H472c4.411,0,8,3.589,8,8  c0,4.418,3.582,8,8,8s8-3.582,8-8C496,290.767,485.234,280,472,280z M421.015,448.095L411.471,464h-23.654l5.652-14.13  c4.385-10.962,6.014-22.959,4.71-34.694L384.938,296h24.285l19.012,114.074C430.42,423.19,427.856,436.693,421.015,448.095z   M346.603,464l5.335-18.69c2.368-8.292,3.223-16.856,2.541-25.456L344.659,296h24.18l13.438,120.943  c1.014,9.127-0.252,18.458-3.664,26.983L370.584,464H346.603z M304.463,464l1.646-29.252c0.096-1.711,0.131-3.449,0.104-5.168  L304.126,296h24.483l9.92,125.119c0.53,6.688-0.134,13.349-1.976,19.798L329.964,464H304.463z M264,464V296h24.124l2.091,133.83  c0.021,1.337-0.006,2.69-0.081,4.021L288.438,464H264z M223.515,464l-1.872-29.944c-0.092-1.484-0.126-2.986-0.1-4.467L223.863,296  H248v168H223.515z M100.529,464l-9.544-15.905c-6.841-11.401-9.405-24.904-7.22-38.021L102.777,296h24.285L113.82,415.176  c-1.304,11.735,0.325,23.732,4.71,34.694l5.652,14.13H100.529z M141.416,464l-8.03-20.073c-3.411-8.525-4.678-17.856-3.664-26.983  L143.161,296h24.175l-9.884,123.77c-0.691,8.658,0.175,17.28,2.575,25.627L165.376,464H141.416z M182.024,464l-6.62-23.025  c-1.867-6.491-2.541-13.197-2.003-19.932L183.387,296h24.473l-2.314,133.311c-0.034,1.902,0.01,3.834,0.129,5.742l1.81,28.947  H182.024z M43.765,410.074L62.777,296h23.78L67.983,407.443c-2.81,16.864,0.486,34.225,9.282,48.884L81.869,464h-21.34  l-9.544-15.905C44.144,436.693,41.58,423.19,43.765,410.074z M448,496H64v-16h31.992c0.005,0,0.01,0.001,0.015,0.001  c0.005,0,0.01-0.001,0.015-0.001h39.954c0.009,0,0.017,0.002,0.026,0.002c0.014,0,0.028-0.002,0.042-0.002h39.928  c0.008,0,0.016,0.002,0.024,0.002c0.009,0,0.019-0.002,0.028-0.002h159.952c0.009,0,0.019,0.002,0.028,0.002  c0.008,0,0.016-0.002,0.024-0.002h39.928c0.014,0,0.028,0.002,0.042,0.002c0.009,0,0.017-0.002,0.026-0.002h39.954  c0.005,0,0.01,0.001,0.015,0.001c0.005,0,0.01-0.001,0.015-0.001H448V496z M461.015,448.095L451.471,464h-21.34l4.604-7.673  c8.796-14.659,12.092-32.02,9.282-48.884L425.444,296h23.779l19.012,114.074C470.42,423.19,467.856,436.693,461.015,448.095z\"><\/path>\t<path d=\"M104,264c4.418,0,8-3.582,8-8V16h288v240c0,4.418,3.582,8,8,8s8-3.582,8-8V16c0-8.822-7.178-16-16-16H112  c-8.822,0-16,7.178-16,16v240C96,260.418,99.582,264,104,264z\"><\/path>\t<path d=\"M376,264c4.418,0,8-3.582,8-8V40c0-4.418-3.582-8-8-8H136c-4.418,0-8,3.582-8,8v216c0,4.418,3.582,8,8,8s8-3.582,8-8V136  h79.999c4.418,0,8-3.582,8-8s-3.582-8-8-8H144V48h104v208c0,4.418,3.582,8,8,8s8-3.582,8-8V136h104v120  C368,260.418,371.582,264,376,264z M264,120V48h104v72H264z\"><\/path><\/g><\/svg>\t\t\t\t\t\t<\/span>\n\t\t\t\t\t\t\t\t\t\t<span class=\"elementor-icon-list-text\">Balcon cu mas\u0103 \u0219i scaune<\/span>\n\t\t\t\t\t\t\t\t\t<\/li>\n\t\t\t\t\t\t\t\t<li class=\"elementor-icon-list-item elementor-inline-item\">\n\t\t\t\t\t\t\t\t\t\t\t<span class=\"elementor-icon-list-icon\">\n\t\t\t\t\t\t\t<i aria-hidden=\"true\" class=\"far fa-circle\"><\/i>\t\t\t\t\t\t<\/span>\n\t\t\t\t\t\t\t\t\t\t<span class=\"elementor-icon-list-text\">Oglind\u0103 cosmetic\u0103<\/span>\n\t\t\t\t\t\t\t\t\t<\/li>\n\t\t\t\t\t\t\t\t<li class=\"elementor-icon-list-item elementor-inline-item\">\n\t\t\t\t\t\t\t\t\t\t\t<span class=\"elementor-icon-list-icon\">\n\t\t\t\t\t\t\t<svg xmlns=\"http:\/\/www.w3.org\/2000\/svg\" xmlns:xlink=\"http:\/\/www.w3.org\/1999\/xlink\" width=\"800px\" height=\"800px\" viewBox=\"0 0 24 24\"><path d=\"M6 3C3.243 3 1 5.243 1 8C1 9.33 1.5174375 10.582844 2.5234375 11.589844L3.3066406 12.242188L4.21875 21L8.2304688 21L7.7070312 16L9 16L9 14L7.4980469 14L7.4414062 13.458984C7.3924062 12.953984 7.7276094 12.492766 8.2246094 12.384766L14 11.134766L14 4.8300781L13.25 4.6210938C10.183 3.7670937 7.321 3 6 3 z M 19 3.4707031L16 4.7832031L16 11.277344L19 12.476562L19 3.4707031 z M 21 5L21 7L23 7L23 5L21 5 z M 6 6C7.105 6 8 6.895 8 8C8 9.105 7.105 10 6 10C4.895 10 4 9.105 4 8C4 6.895 4.895 6 6 6 z M 21 9L21 11L23 11L23 9L21 9 z\"><\/path><\/svg>\t\t\t\t\t\t<\/span>\n\t\t\t\t\t\t\t\t\t\t<span class=\"elementor-icon-list-text\">Usc\u0103tor de p\u0103r<\/span>\n\t\t\t\t\t\t\t\t\t<\/li>\n\t\t\t\t\t\t\t\t<li class=\"elementor-icon-list-item elementor-inline-item\">\n\t\t\t\t\t\t\t\t\t\t\t<span class=\"elementor-icon-list-icon\">\n\t\t\t\t\t\t\t<i aria-hidden=\"true\" class=\"fas fa-plug\"><\/i>\t\t\t\t\t\t<\/span>\n\t\t\t\t\t\t\t\t\t\t<span class=\"elementor-icon-list-text\">Contact de siguran\u021b\u0103<\/span>\n\t\t\t\t\t\t\t\t\t<\/li>\n\t\t\t\t\t\t\t\t<li class=\"elementor-icon-list-item elementor-inline-item\">\n\t\t\t\t\t\t\t\t\t\t\t<span class=\"elementor-icon-list-icon\">\n\t\t\t\t\t\t\t<svg xmlns=\"http:\/\/www.w3.org\/2000\/svg\" viewBox=\"-5 -10 110 135\" fill=\"currentColor\"><path d=\"m14.609 2.9414c-4.4805 0-8.1406 3.6602-8.1406 8.1406l0.003906 70.801c0 4.4844 3.6562 8.1445 8.1406 8.1445h2.0391l2.3711 6.1016-0.003907-0.003906c0.21875 0.5625 0.76172 0.93359 1.3672 0.93359h10.941c0.60547 0 1.1484-0.37109 1.3672-0.93359l2.3672-6.1016h29.875l2.3672 6.1016c0.22266 0.56641 0.76953 0.9375 1.3789 0.93359h10.93c0.60938 0.003906 1.1562-0.36719 1.3789-0.93359l2.3711-6.1016h2.0391c4.4805 0 8.1289-3.6602 8.1289-8.1445l-0.003906-70.797c0-4.4844-3.6445-8.1406-8.1289-8.1406zm0 2.9453h70.793c2.9023 0 5.1875 2.293 5.1875 5.1992l-0.003906 70.797c0 2.9062-2.2852 5.1992-5.1875 5.1992h-70.789c-2.9023 0-5.1992-2.293-5.1992-5.1992l0.003906-70.801c0-2.9062 2.2969-5.1992 5.1992-5.1992zm7.0703 7.6953c-2.5078 0-4.5703 2.0625-4.5703 4.5703v56.664c0 2.5078 2.0625 4.5703 4.5703 4.5703h56.641c2.5078 0 4.5742-2.0625 4.5742-4.5703v-2.7578h0.085938c2.1289 0 3.8984-1.7578 3.8984-3.8867v-10.379c0-2.1289-1.7695-3.8984-3.8984-3.8984h-0.085938v-14.824h0.085938c2.1289 0 3.8984-1.7695 3.8984-3.8984v-10.379c0-2.1289-1.7695-3.8906-3.8984-3.8906h-0.085938v-2.7578c0-2.5078-2.0664-4.5703-4.5742-4.5703zm0 2.9453 56.641-0.003906c0.92969 0 1.6406 0.69531 1.6406 1.625v2.7578h-0.085938c-2.1289 0-3.8984 1.7617-3.8984 3.8906v10.379c0 2.1289 1.7695 3.8984 3.8984 3.8984h0.085938v14.824h-0.085938c-2.1289 0-3.8984 1.7695-3.8984 3.8984v10.379c0 2.1289 1.7695 3.8867 3.8984 3.8867h0.085938v2.7578c0 0.92969-0.71094 1.6289-1.6406 1.6289l-56.641-0.003907c-0.92969 0-1.6289-0.69922-1.6289-1.6289v-56.668c0-0.92969 0.69922-1.625 1.6289-1.625zm58.195 7.3281h3.1055c0.55078 0 0.95312 0.39453 0.95312 0.94531v10.379c0 0.55078-0.40234 0.95312-0.95312 0.95312h-3.1055c-0.55078 0-0.95703-0.40234-0.95703-0.95312v-10.379c0-0.55078 0.40625-0.94531 0.95703-0.94531zm-29.875 0.64844c-6 0-11.445 2.418-15.414 6.3242-3.9062 3.9688-6.3203 9.4102-6.3203 15.406s2.4141 11.434 6.3164 15.402c3.9688 3.9062 9.4141 6.3203 15.41 6.3203s11.438-2.4141 15.406-6.3203c3.8945-3.9688 6.2969-9.3984 6.2969-15.387 0-5.9688-2.4258-11.387-6.3125-15.34-3.9688-3.9062-9.4102-6.3203-15.406-6.3203zm0 10.031c6.5547 0 11.895 5.3438 11.895 11.895 0 6.5547-5.3438 11.895-11.895 11.895-6.5547 0-11.898-5.3438-11.898-11.895 0-6.5547 5.3477-11.895 11.898-11.895zm29.875 19.312h3.1055c0.55078 0 0.95312 0.40234 0.95312 0.95312v10.379c0 0.55078-0.40234 0.94141-0.95312 0.94141h-3.1055c-0.55078 0-0.95703-0.39062-0.95703-0.94141v-10.379c0-0.55078 0.40625-0.95312 0.95703-0.95312zm-60.074 33.184h12.102l-1.5859 4.0938h-8.9219zm48.297 0h12.102l-1.5859 4.0938h-8.9336z\"><\/path><\/svg>\t\t\t\t\t\t<\/span>\n\t\t\t\t\t\t\t\t\t\t<span class=\"elementor-icon-list-text\">Un seif<\/span>\n\t\t\t\t\t\t\t\t\t<\/li>\n\t\t\t\t\t\t<\/ul>\n\t\t\t\t\t\t<\/div>\n\t\t\t\t<\/div>\n\t\t\t\t<div class=\"elementor-element elementor-element-1f711b3 elementor-widget elementor-widget-text-editor\" data-id=\"1f711b3\" data-element_type=\"widget\" data-widget_type=\"text-editor.default\">\n\t\t\t\t<div class=\"elementor-widget-container\">\n\t\t\t\t\t\t\t\t\t<p>Animalele de companie sunt permise cu o aranjare prealabil\u0103 cu hotelul.<\/p>\t\t\t\t\t\t\t\t<\/div>\n\t\t\t\t<\/div>\n\t\t\t\t\t<\/div>\n\t\t<\/div>\n\t\t\t\t\t<\/div>\n\t\t<\/section>\n\t\t\t\t<\/div>\n\t\t","protected":false},"excerpt":{"rendered":"<p>Cazare Rezerv\u0103 Caracteristici: Wi-fi TV Aer condi\u021bionat central Baie cu toalet\u0103 \u0219i du\u0219 Mini-frigider Animalele de companie sunt permise Fotoliu Telefon Balcon cu mas\u0103 \u0219i scaune Oglind\u0103 cosmetic\u0103 Usc\u0103tor de p\u0103r Contact de siguran\u021b\u0103 Un seif Animalele de companie sunt permise cu o aranjare prealabil\u0103 cu hotelul.<\/p>\n","protected":false},"author":1,"featured_media":77430,"parent":77471,"menu_order":0,"comment_status":"closed","ping_status":"closed","template":"","meta":{"footnotes":""},"class_list":["post-77463","page","type-page","status-publish","has-post-thumbnail","hentry"],"_links":{"self":[{"href":"https:\/\/longosahotel.com\/ro\/wp-json\/wp\/v2\/pages\/77463","targetHints":{"allow":["GET"]}}],"collection":[{"href":"https:\/\/longosahotel.com\/ro\/wp-json\/wp\/v2\/pages"}],"about":[{"href":"https:\/\/longosahotel.com\/ro\/wp-json\/wp\/v2\/types\/page"}],"author":[{"embeddable":true,"href":"https:\/\/longosahotel.com\/ro\/wp-json\/wp\/v2\/users\/1"}],"replies":[{"embeddable":true,"href":"https:\/\/longosahotel.com\/ro\/wp-json\/wp\/v2\/comments?post=77463"}],"version-history":[{"count":13,"href":"https:\/\/longosahotel.com\/ro\/wp-json\/wp\/v2\/pages\/77463\/revisions"}],"predecessor-version":[{"id":80945,"href":"https:\/\/longosahotel.com\/ro\/wp-json\/wp\/v2\/pages\/77463\/revisions\/80945"}],"up":[{"embeddable":true,"href":"https:\/\/longosahotel.com\/ro\/wp-json\/wp\/v2\/pages\/77471"}],"wp:featuredmedia":[{"embeddable":true,"href":"https:\/\/longosahotel.com\/ro\/wp-json\/wp\/v2\/media\/77430"}],"wp:attachment":[{"href":"https:\/\/longosahotel.com\/ro\/wp-json\/wp\/v2\/media?parent=77463"}],"curies":[{"name":"wp","href":"https:\/\/api.w.org\/{rel}","templated":true}]}}