{"id":80863,"date":"2026-04-20T17:40:15","date_gmt":"2026-04-20T14:40:15","guid":{"rendered":"https:\/\/longosahotel.com\/offers\/"},"modified":"2026-04-21T12:12:37","modified_gmt":"2026-04-21T09:12:37","slug":"offers","status":"publish","type":"page","link":"https:\/\/longosahotel.com\/ro\/offers\/","title":{"rendered":"Offers"},"content":{"rendered":"\t\t<div data-elementor-type=\"wp-page\" data-elementor-id=\"80863\" class=\"elementor elementor-80863 elementor-80843\" data-elementor-post-type=\"page\">\n\t\t\t\t\t\t<section class=\"elementor-section elementor-top-section elementor-element elementor-element-3af5f50 elementor-section-content-middle elementor-reverse-tablet elementor-reverse-mobile elementor-section-boxed elementor-section-height-default elementor-section-height-default\" data-id=\"3af5f50\" data-element_type=\"section\" id=\"early\" data-settings=\"{&quot;background_background&quot;:&quot;classic&quot;}\">\n\t\t\t\t\t\t<div class=\"elementor-container elementor-column-gap-default\">\n\t\t\t\t\t<div class=\" elementor-column elementor-col-50 elementor-top-column elementor-element elementor-element-1674d41 elementor-invisible\" data-fullscreen-column-settings=\"{&quot;fullscreen&quot;:&quot;&quot;}\" data-id=\"1674d41\" data-element_type=\"column\" data-settings=\"{&quot;animation&quot;:&quot;fadeInLeft&quot;,&quot;animation_delay&quot;:200}\">\n\t\t\t<div class=\"elementor-widget-wrap elementor-element-populated\">\n\t\t\t\t\t\t<div class=\"elementor-element elementor-element-3404a63 elementor-widget elementor-widget-heading\" data-id=\"3404a63\" data-element_type=\"widget\" data-settings=\"{&quot;_animation&quot;:&quot;none&quot;}\" data-widget_type=\"heading.default\">\n\t\t\t\t<div class=\"elementor-widget-container\">\n\t\t\t\t\t<h2 class=\"elementor-heading-title elementor-size-default\">Ofert\u0103<\/h2>\t\t\t\t<\/div>\n\t\t\t\t<\/div>\n\t\t\t\t<div class=\"elementor-element elementor-element-8b14097 elementor-widget elementor-widget-spacer\" data-id=\"8b14097\" data-element_type=\"widget\" data-widget_type=\"spacer.default\">\n\t\t\t\t<div class=\"elementor-widget-container\">\n\t\t\t\t\t\t\t<div class=\"elementor-spacer\">\n\t\t\t<div class=\"elementor-spacer-inner\"><\/div>\n\t\t<\/div>\n\t\t\t\t\t\t<\/div>\n\t\t\t\t<\/div>\n\t\t\t\t<div class=\"elementor-element elementor-element-28e8f03 elementor-widget elementor-widget-heading\" data-id=\"28e8f03\" data-element_type=\"widget\" data-settings=\"{&quot;_animation&quot;:&quot;none&quot;}\" data-widget_type=\"heading.default\">\n\t\t\t\t<div class=\"elementor-widget-container\">\n\t\t\t\t\t<h2 class=\"elementor-heading-title elementor-size-default\">Rezerv\u0103ri de var\u0103<\/h2>\t\t\t\t<\/div>\n\t\t\t\t<\/div>\n\t\t\t\t<div class=\"elementor-element elementor-element-46a95c9 elementor-widget elementor-widget-spacer\" data-id=\"46a95c9\" data-element_type=\"widget\" data-widget_type=\"spacer.default\">\n\t\t\t\t<div class=\"elementor-widget-container\">\n\t\t\t\t\t\t\t<div class=\"elementor-spacer\">\n\t\t\t<div class=\"elementor-spacer-inner\"><\/div>\n\t\t<\/div>\n\t\t\t\t\t\t<\/div>\n\t\t\t\t<\/div>\n\t\t\t\t<div class=\"elementor-element elementor-element-e2d4e00 elementor-widget elementor-widget-spacer\" data-id=\"e2d4e00\" data-element_type=\"widget\" data-widget_type=\"spacer.default\">\n\t\t\t\t<div class=\"elementor-widget-container\">\n\t\t\t\t\t\t\t<div class=\"elementor-spacer\">\n\t\t\t<div class=\"elementor-spacer-inner\"><\/div>\n\t\t<\/div>\n\t\t\t\t\t\t<\/div>\n\t\t\t\t<\/div>\n\t\t\t\t<div class=\"elementor-element elementor-element-95e5163 elementor-headline--style-highlight elementor-widget elementor-widget-animated-headline\" data-id=\"95e5163\" data-element_type=\"widget\" data-settings=\"{&quot;marker&quot;:&quot;curly&quot;,&quot;highlighted_text&quot;:&quot;-20% pentru rezerv\\u0103ri, &quot;,&quot;headline_style&quot;:&quot;highlight&quot;,&quot;loop&quot;:&quot;yes&quot;,&quot;highlight_animation_duration&quot;:1200,&quot;highlight_iteration_delay&quot;:8000}\" data-widget_type=\"animated-headline.default\">\n\t\t\t\t<div class=\"elementor-widget-container\">\n\t\t\t\t\t\t\t<h3 class=\"elementor-headline\">\n\t\t\t\t<span class=\"elementor-headline-dynamic-wrapper elementor-headline-text-wrapper\">\n\t\t\t\t\t<span class=\"elementor-headline-dynamic-text elementor-headline-text-active\">-20% pentru rezerv\u0103ri, <\/span>\n\t\t\t\t<\/span>\n\t\t\t\t\t<span class=\"elementor-headline-plain-text elementor-headline-text-wrapper\">efectuate p\u00e2n\u0103 la 30.04.2026<\/span>\n\t\t\t\t\t<\/h3>\n\t\t\t\t\t\t<\/div>\n\t\t\t\t<\/div>\n\t\t\t\t<div class=\"elementor-element elementor-element-5b58e36 elementor-align-left elementor-widget__width-auto elementor-mobile-align-center elementor-widget-mobile__width-inherit elementor-widget elementor-widget-button\" data-id=\"5b58e36\" data-element_type=\"widget\" data-settings=\"{&quot;_animation&quot;:&quot;none&quot;}\" data-widget_type=\"button.default\">\n\t\t\t\t<div class=\"elementor-widget-container\">\n\t\t\t\t\t\t\t\t\t<div class=\"elementor-button-wrapper\">\n\t\t\t\t\t<a class=\"elementor-button elementor-button-link elementor-size-sm\" href=\"mailto:%20reservations@longosahotel.com\">\n\t\t\t\t\t\t<span class=\"elementor-button-content-wrapper\">\n\t\t\t\t\t\t<span class=\"elementor-button-icon\">\n\t\t\t\t<i aria-hidden=\"true\" class=\" line-icon-Envelope\"><\/i>\t\t\t<\/span>\n\t\t\t\t\t\t\t\t\t<span class=\"elementor-button-text\">Rezerv\u0103 acum<\/span>\n\t\t\t\t\t<\/span>\n\t\t\t\t\t<\/a>\n\t\t\t\t<\/div>\n\t\t\t\t\t\t\t\t<\/div>\n\t\t\t\t<\/div>\n\t\t\t\t<div class=\"elementor-element elementor-element-8c1cbb3 elementor-align-left elementor-widget__width-auto elementor-mobile-align-center elementor-widget-mobile__width-inherit elementor-widget elementor-widget-button\" data-id=\"8c1cbb3\" data-element_type=\"widget\" data-settings=\"{&quot;_animation&quot;:&quot;none&quot;}\" data-widget_type=\"button.default\">\n\t\t\t\t<div class=\"elementor-widget-container\">\n\t\t\t\t\t\t\t\t\t<div class=\"elementor-button-wrapper\">\n\t\t\t\t\t<a class=\"elementor-button elementor-button-link elementor-size-sm\" href=\"tel:0554\/%2022%20133\">\n\t\t\t\t\t\t<span class=\"elementor-button-content-wrapper\">\n\t\t\t\t\t\t<span class=\"elementor-button-icon\">\n\t\t\t\t<i aria-hidden=\"true\" class=\" icon-feather-phone-call\"><\/i>\t\t\t<\/span>\n\t\t\t\t\t\t\t\t\t<span class=\"elementor-button-text\">Rezerv\u0103 acum<\/span>\n\t\t\t\t\t<\/span>\n\t\t\t\t\t<\/a>\n\t\t\t\t<\/div>\n\t\t\t\t\t\t\t\t<\/div>\n\t\t\t\t<\/div>\n\t\t\t\t\t<\/div>\n\t\t<\/div>\n\t\t\t\t<div class=\" elementor-column elementor-col-50 elementor-top-column elementor-element elementor-element-4a59124 elementor-invisible\" data-fullscreen-column-settings=\"{&quot;fullscreen&quot;:&quot;&quot;}\" data-id=\"4a59124\" data-element_type=\"column\" data-settings=\"{&quot;animation&quot;:&quot;fadeInRight&quot;,&quot;animation_delay&quot;:100}\">\n\t\t\t<div class=\"elementor-widget-wrap elementor-element-populated\">\n\t\t\t\t\t\t<div class=\"elementor-element elementor-element-772af2d elementor-invisible elementor-widget elementor-widget-image\" data-id=\"772af2d\" data-element_type=\"widget\" data-settings=\"{&quot;_animation&quot;:&quot;fadeInLeft&quot;,&quot;_animation_delay&quot;:50}\" data-widget_type=\"image.default\">\n\t\t\t\t<div class=\"elementor-widget-container\">\n\t\t\t\t\t\t\t\t\t\t\t\t\t\t\t<img fetchpriority=\"high\" decoding=\"async\" width=\"1024\" height=\"614\" src=\"https:\/\/longosahotel.com\/wp-content\/uploads\/2026\/01\/\u0424\u0430\u0441\u0430\u0434\u0430-4-1024x614.jpg\" class=\"attachment-large size-large wp-image-79941\" alt=\"\" srcset=\"https:\/\/longosahotel.com\/wp-content\/uploads\/2026\/01\/\u0424\u0430\u0441\u0430\u0434\u0430-4-1024x614.jpg 1024w, https:\/\/longosahotel.com\/wp-content\/uploads\/2026\/01\/\u0424\u0430\u0441\u0430\u0434\u0430-4-300x180.jpg 300w, https:\/\/longosahotel.com\/wp-content\/uploads\/2026\/01\/\u0424\u0430\u0441\u0430\u0434\u0430-4-768x461.jpg 768w, https:\/\/longosahotel.com\/wp-content\/uploads\/2026\/01\/\u0424\u0430\u0441\u0430\u0434\u0430-4-1536x922.jpg 1536w, https:\/\/longosahotel.com\/wp-content\/uploads\/2026\/01\/\u0424\u0430\u0441\u0430\u0434\u0430-4-scaled.jpg 2048w, https:\/\/longosahotel.com\/wp-content\/uploads\/2026\/01\/\u0424\u0430\u0441\u0430\u0434\u0430-4-200x120.jpg 200w, https:\/\/longosahotel.com\/wp-content\/uploads\/2026\/01\/\u0424\u0430\u0441\u0430\u0434\u0430-4-1568x941.jpg 1568w\" sizes=\"(max-width: 1024px) 100vw, 1024px\" \/>\t\t\t\t\t\t\t\t\t\t\t\t\t\t\t<\/div>\n\t\t\t\t<\/div>\n\t\t\t\t\t<\/div>\n\t\t<\/div>\n\t\t\t\t\t<\/div>\n\t\t<\/section>\n\t\t\t\t<section class=\"elementor-section elementor-top-section elementor-element elementor-element-7def352 elementor-section-content-middle elementor-section-boxed elementor-section-height-default elementor-section-height-default\" data-id=\"7def352\" data-element_type=\"section\" data-settings=\"{&quot;background_background&quot;:&quot;classic&quot;}\">\n\t\t\t\t\t\t<div class=\"elementor-container elementor-column-gap-default\">\n\t\t\t\t\t<div class=\" elementor-column elementor-col-50 elementor-top-column elementor-element elementor-element-02d223f elementor-invisible\" data-fullscreen-column-settings=\"{&quot;fullscreen&quot;:&quot;&quot;}\" data-id=\"02d223f\" data-element_type=\"column\" data-settings=\"{&quot;animation&quot;:&quot;fadeInLeft&quot;,&quot;animation_delay&quot;:100}\">\n\t\t\t<div class=\"elementor-widget-wrap elementor-element-populated\">\n\t\t\t\t\t\t<div class=\"elementor-element elementor-element-9efb5fb elementor-invisible elementor-widget elementor-widget-image\" data-id=\"9efb5fb\" data-element_type=\"widget\" data-settings=\"{&quot;_animation&quot;:&quot;fadeInLeft&quot;,&quot;_animation_delay&quot;:50}\" data-widget_type=\"image.default\">\n\t\t\t\t<div class=\"elementor-widget-container\">\n\t\t\t\t\t\t\t\t\t\t\t\t\t\t\t<img decoding=\"async\" width=\"1024\" height=\"683\" src=\"https:\/\/longosahotel.com\/wp-content\/uploads\/2026\/04\/white-wooden-background-tulip-and-gift-concept-of-2026-03-25-02-36-03-utc-1024x683.jpg\" class=\"attachment-large size-large wp-image-80858\" alt=\"\" srcset=\"https:\/\/longosahotel.com\/wp-content\/uploads\/2026\/04\/white-wooden-background-tulip-and-gift-concept-of-2026-03-25-02-36-03-utc-1024x683.jpg 1024w, https:\/\/longosahotel.com\/wp-content\/uploads\/2026\/04\/white-wooden-background-tulip-and-gift-concept-of-2026-03-25-02-36-03-utc-300x200.jpg 300w, https:\/\/longosahotel.com\/wp-content\/uploads\/2026\/04\/white-wooden-background-tulip-and-gift-concept-of-2026-03-25-02-36-03-utc-768x512.jpg 768w, https:\/\/longosahotel.com\/wp-content\/uploads\/2026\/04\/white-wooden-background-tulip-and-gift-concept-of-2026-03-25-02-36-03-utc-1536x1024.jpg 1536w, https:\/\/longosahotel.com\/wp-content\/uploads\/2026\/04\/white-wooden-background-tulip-and-gift-concept-of-2026-03-25-02-36-03-utc-200x133.jpg 200w, https:\/\/longosahotel.com\/wp-content\/uploads\/2026\/04\/white-wooden-background-tulip-and-gift-concept-of-2026-03-25-02-36-03-utc-1568x1045.jpg 1568w, https:\/\/longosahotel.com\/wp-content\/uploads\/2026\/04\/white-wooden-background-tulip-and-gift-concept-of-2026-03-25-02-36-03-utc.jpg 1920w\" sizes=\"(max-width: 1024px) 100vw, 1024px\" \/>\t\t\t\t\t\t\t\t\t\t\t\t\t\t\t<\/div>\n\t\t\t\t<\/div>\n\t\t\t\t\t<\/div>\n\t\t<\/div>\n\t\t\t\t<div class=\" elementor-column elementor-col-50 elementor-top-column elementor-element elementor-element-de10b97 elementor-invisible\" data-fullscreen-column-settings=\"{&quot;fullscreen&quot;:&quot;&quot;}\" data-id=\"de10b97\" data-element_type=\"column\" data-settings=\"{&quot;animation&quot;:&quot;fadeInRight&quot;,&quot;animation_delay&quot;:200}\">\n\t\t\t<div class=\"elementor-widget-wrap elementor-element-populated\">\n\t\t\t\t\t\t<div class=\"elementor-element elementor-element-1b0c15c elementor-widget elementor-widget-heading\" data-id=\"1b0c15c\" data-element_type=\"widget\" data-settings=\"{&quot;_animation&quot;:&quot;none&quot;}\" data-widget_type=\"heading.default\">\n\t\t\t\t<div class=\"elementor-widget-container\">\n\t\t\t\t\t<h2 class=\"elementor-heading-title elementor-size-default\">Reducere<\/h2>\t\t\t\t<\/div>\n\t\t\t\t<\/div>\n\t\t\t\t<div class=\"elementor-element elementor-element-c742cad elementor-widget elementor-widget-spacer\" data-id=\"c742cad\" data-element_type=\"widget\" data-widget_type=\"spacer.default\">\n\t\t\t\t<div class=\"elementor-widget-container\">\n\t\t\t\t\t\t\t<div class=\"elementor-spacer\">\n\t\t\t<div class=\"elementor-spacer-inner\"><\/div>\n\t\t<\/div>\n\t\t\t\t\t\t<\/div>\n\t\t\t\t<\/div>\n\t\t\t\t<div class=\"elementor-element elementor-element-4b23eac elementor-widget elementor-widget-heading\" data-id=\"4b23eac\" data-element_type=\"widget\" data-settings=\"{&quot;_animation&quot;:&quot;none&quot;}\" data-widget_type=\"heading.default\">\n\t\t\t\t<div class=\"elementor-widget-container\">\n\t\t\t\t\t<h2 class=\"elementor-heading-title elementor-size-default\">Oaspe\u021bi fideli<\/h2>\t\t\t\t<\/div>\n\t\t\t\t<\/div>\n\t\t\t\t<div class=\"elementor-element elementor-element-5359c9a elementor-widget elementor-widget-spacer\" data-id=\"5359c9a\" data-element_type=\"widget\" data-widget_type=\"spacer.default\">\n\t\t\t\t<div class=\"elementor-widget-container\">\n\t\t\t\t\t\t\t<div class=\"elementor-spacer\">\n\t\t\t<div class=\"elementor-spacer-inner\"><\/div>\n\t\t<\/div>\n\t\t\t\t\t\t<\/div>\n\t\t\t\t<\/div>\n\t\t\t\t<div class=\"elementor-element elementor-element-47d6d28 elementor-widget elementor-widget-text-editor\" data-id=\"47d6d28\" data-element_type=\"widget\" data-widget_type=\"text-editor.default\">\n\t\t\t\t<div class=\"elementor-widget-container\">\n\t\t\t\t\t\t\t\t\t<p>Dac\u0103 a\u021bi fost deja oaspe\u021bii no\u0219tri sau face\u021bi parte dintre clien\u021bii no\u0219tri fideli, avem pl\u0103cerea s\u0103 v\u0103 ur\u0103m din nou bun venit cu o ofert\u0103 special\u0103.<strong data-start=\"398\" data-end=\"435\"><br><\/strong><\/p>\t\t\t\t\t\t\t\t<\/div>\n\t\t\t\t<\/div>\n\t\t\t\t<div class=\"elementor-element elementor-element-6ad37e7 elementor-headline--style-highlight elementor-widget elementor-widget-animated-headline\" data-id=\"6ad37e7\" data-element_type=\"widget\" data-settings=\"{&quot;marker&quot;:&quot;curly&quot;,&quot;highlighted_text&quot;:&quot;20% reducere la pre\\u021bul sejurului&quot;,&quot;headline_style&quot;:&quot;highlight&quot;,&quot;loop&quot;:&quot;yes&quot;,&quot;highlight_animation_duration&quot;:1200,&quot;highlight_iteration_delay&quot;:8000}\" data-widget_type=\"animated-headline.default\">\n\t\t\t\t<div class=\"elementor-widget-container\">\n\t\t\t\t\t\t\t<h3 class=\"elementor-headline\">\n\t\t\t\t<span class=\"elementor-headline-dynamic-wrapper elementor-headline-text-wrapper\">\n\t\t\t\t\t<span class=\"elementor-headline-dynamic-text elementor-headline-text-active\">20% reducere la pre\u021bul sejurului<\/span>\n\t\t\t\t<\/span>\n\t\t\t\t\t<span class=\"elementor-headline-plain-text elementor-headline-text-wrapper\">ca expresie a recuno\u0219tin\u021bei \u0219i \u00eencrederii noastre.<\/span>\n\t\t\t\t\t<\/h3>\n\t\t\t\t\t\t<\/div>\n\t\t\t\t<\/div>\n\t\t\t\t<div class=\"elementor-element elementor-element-aee4540 elementor-widget elementor-widget-text-editor\" data-id=\"aee4540\" data-element_type=\"widget\" data-widget_type=\"text-editor.default\">\n\t\t\t\t<div class=\"elementor-widget-container\">\n\t\t\t\t\t\t\t\t\t<p data-start=\"484\" data-end=\"604\">V\u0103 rug\u0103m s\u0103 re\u021bine\u021bi c\u0103 reducerea se aplic\u0103 rezerv\u0103rilor directe \u0219i nu poate fi combinat\u0103 cu alte promo\u021bii \u0219i oferte.<br>V\u0103 a\u0219tept\u0103m din nou pentru a crea \u00eempreun\u0103 \u0219i mai multe momente pl\u0103cute.<\/p><p><strong data-start=\"398\" data-end=\"435\"> <\/strong><\/p>\t\t\t\t\t\t\t\t<\/div>\n\t\t\t\t<\/div>\n\t\t\t\t<div class=\"elementor-element elementor-element-c42e2b6 elementor-align-left elementor-widget__width-auto elementor-mobile-align-center elementor-widget-mobile__width-inherit elementor-widget elementor-widget-button\" data-id=\"c42e2b6\" data-element_type=\"widget\" data-settings=\"{&quot;_animation&quot;:&quot;none&quot;}\" data-widget_type=\"button.default\">\n\t\t\t\t<div class=\"elementor-widget-container\">\n\t\t\t\t\t\t\t\t\t<div class=\"elementor-button-wrapper\">\n\t\t\t\t\t<a class=\"elementor-button elementor-button-link elementor-size-sm\" href=\"mailto:%20reservations@longosahotel.com\">\n\t\t\t\t\t\t<span class=\"elementor-button-content-wrapper\">\n\t\t\t\t\t\t<span class=\"elementor-button-icon\">\n\t\t\t\t<i aria-hidden=\"true\" class=\" line-icon-Envelope\"><\/i>\t\t\t<\/span>\n\t\t\t\t\t\t\t\t\t<span class=\"elementor-button-text\">Rezerv\u0103 acum<\/span>\n\t\t\t\t\t<\/span>\n\t\t\t\t\t<\/a>\n\t\t\t\t<\/div>\n\t\t\t\t\t\t\t\t<\/div>\n\t\t\t\t<\/div>\n\t\t\t\t<div class=\"elementor-element elementor-element-5c89fb7 elementor-align-left elementor-widget__width-auto elementor-mobile-align-center elementor-widget-mobile__width-inherit elementor-widget elementor-widget-button\" data-id=\"5c89fb7\" data-element_type=\"widget\" data-settings=\"{&quot;_animation&quot;:&quot;none&quot;}\" data-widget_type=\"button.default\">\n\t\t\t\t<div class=\"elementor-widget-container\">\n\t\t\t\t\t\t\t\t\t<div class=\"elementor-button-wrapper\">\n\t\t\t\t\t<a class=\"elementor-button elementor-button-link elementor-size-sm\" href=\"tel:0554\/%2022%20133\">\n\t\t\t\t\t\t<span class=\"elementor-button-content-wrapper\">\n\t\t\t\t\t\t<span class=\"elementor-button-icon\">\n\t\t\t\t<i aria-hidden=\"true\" class=\" icon-feather-phone-call\"><\/i>\t\t\t<\/span>\n\t\t\t\t\t\t\t\t\t<span class=\"elementor-button-text\">Rezerv\u0103 acum<\/span>\n\t\t\t\t\t<\/span>\n\t\t\t\t\t<\/a>\n\t\t\t\t<\/div>\n\t\t\t\t\t\t\t\t<\/div>\n\t\t\t\t<\/div>\n\t\t\t\t\t<\/div>\n\t\t<\/div>\n\t\t\t\t\t<\/div>\n\t\t<\/section>\n\t\t\t\t<\/div>\n\t\t","protected":false},"excerpt":{"rendered":"<p>Ofert\u0103 Rezerv\u0103ri de var\u0103 -20% pentru rezerv\u0103ri, efectuate p\u00e2n\u0103 la 30.04.2026 Rezerv\u0103 acum Rezerv\u0103 acum Reducere Oaspe\u021bi fideli Dac\u0103 a\u021bi fost deja oaspe\u021bii no\u0219tri sau face\u021bi parte dintre clien\u021bii no\u0219tri fideli, avem pl\u0103cerea s\u0103 v\u0103 ur\u0103m din nou bun venit cu o ofert\u0103 special\u0103. 20% reducere la pre\u021bul sejurului ca expresie a recuno\u0219tin\u021bei \u0219i \u00eencrederii [&hellip;]<\/p>\n","protected":false},"author":1,"featured_media":0,"parent":0,"menu_order":0,"comment_status":"closed","ping_status":"closed","template":"","meta":{"footnotes":""},"class_list":["post-80863","page","type-page","status-publish","hentry"],"_links":{"self":[{"href":"https:\/\/longosahotel.com\/ro\/wp-json\/wp\/v2\/pages\/80863","targetHints":{"allow":["GET"]}}],"collection":[{"href":"https:\/\/longosahotel.com\/ro\/wp-json\/wp\/v2\/pages"}],"about":[{"href":"https:\/\/longosahotel.com\/ro\/wp-json\/wp\/v2\/types\/page"}],"author":[{"embeddable":true,"href":"https:\/\/longosahotel.com\/ro\/wp-json\/wp\/v2\/users\/1"}],"replies":[{"embeddable":true,"href":"https:\/\/longosahotel.com\/ro\/wp-json\/wp\/v2\/comments?post=80863"}],"version-history":[{"count":3,"href":"https:\/\/longosahotel.com\/ro\/wp-json\/wp\/v2\/pages\/80863\/revisions"}],"predecessor-version":[{"id":80929,"href":"https:\/\/longosahotel.com\/ro\/wp-json\/wp\/v2\/pages\/80863\/revisions\/80929"}],"wp:attachment":[{"href":"https:\/\/longosahotel.com\/ro\/wp-json\/wp\/v2\/media?parent=80863"}],"curies":[{"name":"wp","href":"https:\/\/api.w.org\/{rel}","templated":true}]}}